{"id":3386,"date":"2025-01-15T15:39:54","date_gmt":"2025-01-15T14:39:54","guid":{"rendered":"https:\/\/centrumtpd.pl\/?page_id=3386"},"modified":"2026-02-03T15:08:44","modified_gmt":"2026-02-03T14:08:44","slug":"terapia-dzwiekiem-sesje-przy-dzwieku-tybetanskich-mis","status":"publish","type":"page","link":"https:\/\/centrumtpd.pl\/?page_id=3386","title":{"rendered":"Relaksacja d\u017awi\u0119kiem &#8211; sesje z wykorzystaniem mis tybeta\u0144skich"},"content":{"rendered":"\n\n","protected":false},"excerpt":{"rendered":"","protected":false},"author":1,"featured_media":0,"parent":0,"menu_order":0,"comment_status":"closed","ping_status":"closed","template":"full-width","meta":{"saved_in_kubio":true,"footnotes":""},"class_list":["post-3386","page","type-page","status-publish","hentry"],"kubio_ai_page_context":{"short_desc":"","purpose":"general"},"_links":{"self":[{"href":"https:\/\/centrumtpd.pl\/index.php?rest_route=\/wp\/v2\/pages\/3386","targetHints":{"allow":["GET"]}}],"collection":[{"href":"https:\/\/centrumtpd.pl\/index.php?rest_route=\/wp\/v2\/pages"}],"about":[{"href":"https:\/\/centrumtpd.pl\/index.php?rest_route=\/wp\/v2\/types\/page"}],"author":[{"embeddable":true,"href":"https:\/\/centrumtpd.pl\/index.php?rest_route=\/wp\/v2\/users\/1"}],"replies":[{"embeddable":true,"href":"https:\/\/centrumtpd.pl\/index.php?rest_route=%2Fwp%2Fv2%2Fcomments&post=3386"}],"version-history":[{"count":167,"href":"https:\/\/centrumtpd.pl\/index.php?rest_route=\/wp\/v2\/pages\/3386\/revisions"}],"predecessor-version":[{"id":5638,"href":"https:\/\/centrumtpd.pl\/index.php?rest_route=\/wp\/v2\/pages\/3386\/revisions\/5638"}],"wp:attachment":[{"href":"https:\/\/centrumtpd.pl\/index.php?rest_route=%2Fwp%2Fv2%2Fmedia&parent=3386"}],"curies":[{"name":"wp","href":"https:\/\/api.w.org\/{rel}","templated":true}]}}